{"id":103,"date":"2021-05-08T16:20:03","date_gmt":"2021-05-08T14:20:03","guid":{"rendered":"http:\/\/renowacjameblikrakow.pl\/?page_id=103"},"modified":"2024-04-17T22:09:10","modified_gmt":"2024-04-17T20:09:10","slug":"o-nas","status":"publish","type":"page","link":"https:\/\/renowacjameblikrakow.pl\/index.php\/o-nas\/","title":{"rendered":"O Nas"},"content":{"rendered":"<p align=\"justify\"><strong>Renowacja mebli Krak\u00f3w &#8211; tu znajdziesz wszystko co wi\u0105\u017ce si\u0119 z meblarstwem artystycznym i konserwacj\u0105.<\/strong><\/p>\n<p align=\"justify\">Celem naszej dzia\u0142alno\u015bci jest przywracanie dawnej \u015bwietno\u015bci meblom oraz przedmiotom antycznym.<br \/>Specjalizacj\u0105 naszego zak\u0142adu jest renowacja i rekonstrukcja mebli. Przedmioty te s\u0105 odnawiane wed\u0142ug zasad konserwacji i wyko\u0144czane politur\u0105 lub woskiem. Wiele eksponat\u00f3w zosta\u0142o przez nas uratowanych przed ca\u0142kowitym zniszczeniem. Odtwarzamy brakuj\u0105ce elementy snycerki, intarsji oraz wi\u0119kszych cz\u0119\u015bci mebli.<br \/>D\u0142ugoletnie do\u015bwiadczenie w dziedzinie stolarstwa artystycznego pozwala nam na profesjonalne podej\u015bcie do tematu renowacji i rekonstrukcji mebli. Korzystamy obecnie z zapomnianych ju\u017c receptur i zachowanych r\u0119cznych narz\u0119dzi z\u00a0minionej epoki. Dlatego wykonywane przez nas pojedyncze meble jak r\u00f3wnie\u017c kompleksowo wyposa\u017cone wn\u0119trza tj.\u00a0biura, salony czy dworki, tworz\u0105 niepowtarzalny urok.<br \/>Zapraszamy Pa\u0144stwa do kontaktu z nami, ch\u0119tnie odpowiemy na wszelkie pytania.<\/p>\n<p style=\"text-align: center;\">\u00a0<\/p>\n\n<div class=\"wp-block-image\">\n<figure class=\"aligncenter size-large is-resized\"><img loading=\"lazy\" src=\"https:\/\/renowacjameblikrakow.pl\/wp-content\/uploads\/2021\/05\/stol.png\" alt=\"\" class=\"wp-image-462\" width=\"361\" height=\"272\" srcset=\"https:\/\/renowacjameblikrakow.pl\/wp-content\/uploads\/2021\/05\/stol.png 800w, https:\/\/renowacjameblikrakow.pl\/wp-content\/uploads\/2021\/05\/stol-300x226.png 300w, https:\/\/renowacjameblikrakow.pl\/wp-content\/uploads\/2021\/05\/stol-768x579.png 768w, https:\/\/renowacjameblikrakow.pl\/wp-content\/uploads\/2021\/05\/stol-119x90.png 119w\" sizes=\"(max-width: 361px) 100vw, 361px\" \/><\/figure><\/div>","protected":false},"excerpt":{"rendered":"<p>Renowacja mebli Krak\u00f3w &#8211; tu znajdziesz wszystko co wi\u0105\u017ce si\u0119 z meblarstwem artystycznym i konserwacj\u0105. Celem naszej dzia\u0142alno\u015bci jest przywracanie dawnej \u015bwietno\u015bci meblom oraz przedmiotom antycznym.Specjalizacj\u0105 naszego zak\u0142adu jest renowacja i rekonstrukcja mebli. Przedmioty te s\u0105 odnawiane wed\u0142ug zasad konserwacji i wyko\u0144czane politur\u0105 lub woskiem. Wiele eksponat\u00f3w zosta\u0142o przez nas uratowanych przed ca\u0142kowitym zniszczeniem. Odtwarzamy <\/p>\n","protected":false},"author":1,"featured_media":218,"parent":0,"menu_order":0,"comment_status":"closed","ping_status":"closed","template":"","meta":[],"_links":{"self":[{"href":"https:\/\/renowacjameblikrakow.pl\/index.php\/wp-json\/wp\/v2\/pages\/103"}],"collection":[{"href":"https:\/\/renowacjameblikrakow.pl\/index.php\/wp-json\/wp\/v2\/pages"}],"about":[{"href":"https:\/\/renowacjameblikrakow.pl\/index.php\/wp-json\/wp\/v2\/types\/page"}],"author":[{"embeddable":true,"href":"https:\/\/renowacjameblikrakow.pl\/index.php\/wp-json\/wp\/v2\/users\/1"}],"replies":[{"embeddable":true,"href":"https:\/\/renowacjameblikrakow.pl\/index.php\/wp-json\/wp\/v2\/comments?post=103"}],"version-history":[{"count":14,"href":"https:\/\/renowacjameblikrakow.pl\/index.php\/wp-json\/wp\/v2\/pages\/103\/revisions"}],"predecessor-version":[{"id":663,"href":"https:\/\/renowacjameblikrakow.pl\/index.php\/wp-json\/wp\/v2\/pages\/103\/revisions\/663"}],"wp:featuredmedia":[{"embeddable":true,"href":"https:\/\/renowacjameblikrakow.pl\/index.php\/wp-json\/wp\/v2\/media\/218"}],"wp:attachment":[{"href":"https:\/\/renowacjameblikrakow.pl\/index.php\/wp-json\/wp\/v2\/media?parent=103"}],"curies":[{"name":"wp","href":"https:\/\/api.w.org\/{rel}","templated":true}]}}