{"id":105,"date":"2021-05-08T16:20:11","date_gmt":"2021-05-08T14:20:11","guid":{"rendered":"http:\/\/renowacjameblikrakow.pl\/?page_id=105"},"modified":"2024-04-17T22:10:48","modified_gmt":"2024-04-17T20:10:48","slug":"renowacja","status":"publish","type":"page","link":"https:\/\/renowacjameblikrakow.pl\/index.php\/renowacja\/","title":{"rendered":"Renowacja"},"content":{"rendered":"<p align=\"justify\"><strong>Renowacja mebli Krak\u00f3w &#8211; tu znajdziesz wszystko co wi\u0105\u017ce si\u0119 z meblarstwem artystycznym i konserwacj\u0105.<\/strong><\/p>\n<p align=\"justify\">Specjalizacj\u0105 naszej firmy jest renowacja i rekonstrukcja mebli. Przedmioty te s\u0105 odnawiane wed\u0142ug zasad konserwacji i wyka\u0144czane politur\u0105 lub woskiem. Wiele eksponat\u00f3w zosta\u0142o przez nas uratowanych przed ca\u0142kowitym zniszczeniem. Odtwarzamy brakuj\u0105ce elementy snycerki, intarsji oraz wi\u0119kszych cz\u0119\u015bci mebli.<\/p>\n<h3 style=\"text-align: center;\"><strong><span style=\"color: #ffffff;\">Zobacz wi\u0119cej realizacji na naszym profilu na FB &#8211;&gt;<\/span>\u00a0<a href=\"https:\/\/www.facebook.com\/AT.Profesjonal\" target=\"_blank\" rel=\"noopener\">AT. Profesjonal Facebook<\/a><\/strong><\/h3>\n\n\n<figure class=\"wp-container-2 wp-block-gallery-1 wp-block-gallery has-nested-images columns-default is-cropped\">\n<figure class=\"wp-block-image size-large\"><img loading=\"lazy\" width=\"1024\" height=\"768\" data-id=\"327\"  src=\"https:\/\/renowacjameblikrakow.pl\/wp-content\/uploads\/2021\/05\/P5210029-1024x768.jpg\" alt=\"\" class=\"wp-image-327\" srcset=\"https:\/\/renowacjameblikrakow.pl\/wp-content\/uploads\/2021\/05\/P5210029-1024x768.jpg 1024w, https:\/\/renowacjameblikrakow.pl\/wp-content\/uploads\/2021\/05\/P5210029-300x225.jpg 300w, https:\/\/renowacjameblikrakow.pl\/wp-content\/uploads\/2021\/05\/P5210029-768x576.jpg 768w, https:\/\/renowacjameblikrakow.pl\/wp-content\/uploads\/2021\/05\/P5210029-1536x1152.jpg 1536w, https:\/\/renowacjameblikrakow.pl\/wp-content\/uploads\/2021\/05\/P5210029-2048x1536.jpg 2048w, https:\/\/renowacjameblikrakow.pl\/wp-content\/uploads\/2021\/05\/P5210029-120x90.jpg 120w\" sizes=\"(max-width: 1024px) 100vw, 1024px\" \/><\/figure>\n\n\n\n<figure class=\"wp-block-image size-large\"><img loading=\"lazy\" width=\"1024\" height=\"768\" data-id=\"328\"  src=\"https:\/\/renowacjameblikrakow.pl\/wp-content\/uploads\/2021\/05\/P6260007-1024x768.jpg\" alt=\"\" class=\"wp-image-328\" srcset=\"https:\/\/renowacjameblikrakow.pl\/wp-content\/uploads\/2021\/05\/P6260007-1024x768.jpg 1024w, https:\/\/renowacjameblikrakow.pl\/wp-content\/uploads\/2021\/05\/P6260007-300x225.jpg 300w, https:\/\/renowacjameblikrakow.pl\/wp-content\/uploads\/2021\/05\/P6260007-768x576.jpg 768w, https:\/\/renowacjameblikrakow.pl\/wp-content\/uploads\/2021\/05\/P6260007-1536x1152.jpg 1536w, https:\/\/renowacjameblikrakow.pl\/wp-content\/uploads\/2021\/05\/P6260007-2048x1536.jpg 2048w, https:\/\/renowacjameblikrakow.pl\/wp-content\/uploads\/2021\/05\/P6260007-120x90.jpg 120w\" sizes=\"(max-width: 1024px) 100vw, 1024px\" \/><\/figure>\n<\/figure>\n\n\n\n<figure class=\"wp-container-4 wp-block-gallery-3 wp-block-gallery has-nested-images columns-default is-cropped\">\n<figure class=\"wp-block-image size-large\"><img loading=\"lazy\" width=\"1024\" height=\"768\" data-id=\"324\"  src=\"https:\/\/renowacjameblikrakow.pl\/wp-content\/uploads\/2021\/05\/IMG_8020-1024x768.jpg\" alt=\"\" class=\"wp-image-324\" srcset=\"https:\/\/renowacjameblikrakow.pl\/wp-content\/uploads\/2021\/05\/IMG_8020-1024x768.jpg 1024w, https:\/\/renowacjameblikrakow.pl\/wp-content\/uploads\/2021\/05\/IMG_8020-300x225.jpg 300w, https:\/\/renowacjameblikrakow.pl\/wp-content\/uploads\/2021\/05\/IMG_8020-768x576.jpg 768w, https:\/\/renowacjameblikrakow.pl\/wp-content\/uploads\/2021\/05\/IMG_8020-1536x1152.jpg 1536w, https:\/\/renowacjameblikrakow.pl\/wp-content\/uploads\/2021\/05\/IMG_8020-2048x1536.jpg 2048w, https:\/\/renowacjameblikrakow.pl\/wp-content\/uploads\/2021\/05\/IMG_8020-120x90.jpg 120w\" sizes=\"(max-width: 1024px) 100vw, 1024px\" \/><\/figure>\n\n\n\n<figure class=\"wp-block-image size-large\"><img loading=\"lazy\" width=\"1024\" height=\"768\" data-id=\"325\"  src=\"https:\/\/renowacjameblikrakow.pl\/wp-content\/uploads\/2021\/05\/IMG_8801-1024x768.jpg\" alt=\"\" class=\"wp-image-325\" srcset=\"https:\/\/renowacjameblikrakow.pl\/wp-content\/uploads\/2021\/05\/IMG_8801-1024x768.jpg 1024w, https:\/\/renowacjameblikrakow.pl\/wp-content\/uploads\/2021\/05\/IMG_8801-300x225.jpg 300w, https:\/\/renowacjameblikrakow.pl\/wp-content\/uploads\/2021\/05\/IMG_8801-768x576.jpg 768w, https:\/\/renowacjameblikrakow.pl\/wp-content\/uploads\/2021\/05\/IMG_8801-1536x1152.jpg 1536w, https:\/\/renowacjameblikrakow.pl\/wp-content\/uploads\/2021\/05\/IMG_8801-2048x1536.jpg 2048w, https:\/\/renowacjameblikrakow.pl\/wp-content\/uploads\/2021\/05\/IMG_8801-120x90.jpg 120w\" sizes=\"(max-width: 1024px) 100vw, 1024px\" \/><\/figure>\n<\/figure>\n\n\n\n<figure class=\"wp-container-6 wp-block-gallery-5 wp-block-gallery has-nested-images columns-default is-cropped\">\n<figure class=\"wp-block-image size-large\"><img loading=\"lazy\" width=\"1024\" height=\"768\" data-id=\"497\"  src=\"https:\/\/renowacjameblikrakow.pl\/wp-content\/uploads\/2021\/05\/PA240012-zzz-1024x768.jpg\" alt=\"\" class=\"wp-image-497\" srcset=\"https:\/\/renowacjameblikrakow.pl\/wp-content\/uploads\/2021\/05\/PA240012-zzz-1024x768.jpg 1024w, https:\/\/renowacjameblikrakow.pl\/wp-content\/uploads\/2021\/05\/PA240012-zzz-300x225.jpg 300w, https:\/\/renowacjameblikrakow.pl\/wp-content\/uploads\/2021\/05\/PA240012-zzz-768x576.jpg 768w, https:\/\/renowacjameblikrakow.pl\/wp-content\/uploads\/2021\/05\/PA240012-zzz-1536x1152.jpg 1536w, https:\/\/renowacjameblikrakow.pl\/wp-content\/uploads\/2021\/05\/PA240012-zzz-2048x1535.jpg 2048w, https:\/\/renowacjameblikrakow.pl\/wp-content\/uploads\/2021\/05\/PA240012-zzz-120x90.jpg 120w\" sizes=\"(max-width: 1024px) 100vw, 1024px\" \/><\/figure>\n\n\n\n<figure class=\"wp-block-image size-large\"><img loading=\"lazy\" width=\"1024\" height=\"768\" data-id=\"499\"  src=\"https:\/\/renowacjameblikrakow.pl\/wp-content\/uploads\/2021\/05\/PC200037-1024x768.jpg\" alt=\"\" class=\"wp-image-499\" srcset=\"https:\/\/renowacjameblikrakow.pl\/wp-content\/uploads\/2021\/05\/PC200037-1024x768.jpg 1024w, https:\/\/renowacjameblikrakow.pl\/wp-content\/uploads\/2021\/05\/PC200037-300x225.jpg 300w, https:\/\/renowacjameblikrakow.pl\/wp-content\/uploads\/2021\/05\/PC200037-768x576.jpg 768w, https:\/\/renowacjameblikrakow.pl\/wp-content\/uploads\/2021\/05\/PC200037-1536x1152.jpg 1536w, https:\/\/renowacjameblikrakow.pl\/wp-content\/uploads\/2021\/05\/PC200037-2048x1536.jpg 2048w, https:\/\/renowacjameblikrakow.pl\/wp-content\/uploads\/2021\/05\/PC200037-120x90.jpg 120w\" sizes=\"(max-width: 1024px) 100vw, 1024px\" \/><\/figure>\n<\/figure>\n\n\n\n<figure class=\"wp-container-8 wp-block-gallery-7 wp-block-gallery has-nested-images columns-default is-cropped\">\n<figure class=\"wp-block-image size-large\"><img loading=\"lazy\" width=\"768\" height=\"1024\" data-id=\"458\"  src=\"https:\/\/renowacjameblikrakow.pl\/wp-content\/uploads\/2021\/05\/IMG_0870-768x1024.jpg\" alt=\"\" class=\"wp-image-458\" srcset=\"https:\/\/renowacjameblikrakow.pl\/wp-content\/uploads\/2021\/05\/IMG_0870-768x1024.jpg 768w, https:\/\/renowacjameblikrakow.pl\/wp-content\/uploads\/2021\/05\/IMG_0870-225x300.jpg 225w, https:\/\/renowacjameblikrakow.pl\/wp-content\/uploads\/2021\/05\/IMG_0870-1152x1536.jpg 1152w, https:\/\/renowacjameblikrakow.pl\/wp-content\/uploads\/2021\/05\/IMG_0870-68x90.jpg 68w, https:\/\/renowacjameblikrakow.pl\/wp-content\/uploads\/2021\/05\/IMG_0870.jpg 1200w\" sizes=\"(max-width: 768px) 100vw, 768px\" \/><\/figure>\n\n\n\n<figure class=\"wp-block-image size-large\"><img loading=\"lazy\" width=\"768\" height=\"1024\" data-id=\"354\"  src=\"https:\/\/renowacjameblikrakow.pl\/wp-content\/uploads\/2021\/05\/PA260093-768x1024.jpg\" alt=\"\" class=\"wp-image-354\" srcset=\"https:\/\/renowacjameblikrakow.pl\/wp-content\/uploads\/2021\/05\/PA260093-768x1024.jpg 768w, https:\/\/renowacjameblikrakow.pl\/wp-content\/uploads\/2021\/05\/PA260093-225x300.jpg 225w, https:\/\/renowacjameblikrakow.pl\/wp-content\/uploads\/2021\/05\/PA260093-1152x1536.jpg 1152w, https:\/\/renowacjameblikrakow.pl\/wp-content\/uploads\/2021\/05\/PA260093-1536x2048.jpg 1536w, https:\/\/renowacjameblikrakow.pl\/wp-content\/uploads\/2021\/05\/PA260093-68x90.jpg 68w, https:\/\/renowacjameblikrakow.pl\/wp-content\/uploads\/2021\/05\/PA260093-scaled.jpg 1920w\" sizes=\"(max-width: 768px) 100vw, 768px\" \/><\/figure>\n<\/figure>\n\n\n<h3 style=\"text-align: center;\"><strong><span style=\"color: #ffffff;\">Zobacz wi\u0119cej realizacji na naszym profilu na FB &#8211;&gt;<\/span>&nbsp;<a href=\"https:\/\/www.facebook.com\/AT.Profesjonal\" target=\"_blank\" rel=\"noopener\">AT. Profesjonal Facebook<\/a><\/strong><\/h3>","protected":false},"excerpt":{"rendered":"<p>Renowacja mebli Krak\u00f3w &#8211; tu znajdziesz wszystko co wi\u0105\u017ce si\u0119 z meblarstwem artystycznym i konserwacj\u0105. Specjalizacj\u0105 naszej firmy jest renowacja i rekonstrukcja mebli. Przedmioty te s\u0105 odnawiane wed\u0142ug zasad konserwacji i wyka\u0144czane politur\u0105 lub woskiem. Wiele eksponat\u00f3w zosta\u0142o przez nas uratowanych przed ca\u0142kowitym zniszczeniem. Odtwarzamy brakuj\u0105ce elementy snycerki, intarsji oraz wi\u0119kszych cz\u0119\u015bci mebli. Zobacz wi\u0119cej <\/p>\n","protected":false},"author":1,"featured_media":0,"parent":0,"menu_order":0,"comment_status":"closed","ping_status":"closed","template":"","meta":[],"_links":{"self":[{"href":"https:\/\/renowacjameblikrakow.pl\/index.php\/wp-json\/wp\/v2\/pages\/105"}],"collection":[{"href":"https:\/\/renowacjameblikrakow.pl\/index.php\/wp-json\/wp\/v2\/pages"}],"about":[{"href":"https:\/\/renowacjameblikrakow.pl\/index.php\/wp-json\/wp\/v2\/types\/page"}],"author":[{"embeddable":true,"href":"https:\/\/renowacjameblikrakow.pl\/index.php\/wp-json\/wp\/v2\/users\/1"}],"replies":[{"embeddable":true,"href":"https:\/\/renowacjameblikrakow.pl\/index.php\/wp-json\/wp\/v2\/comments?post=105"}],"version-history":[{"count":31,"href":"https:\/\/renowacjameblikrakow.pl\/index.php\/wp-json\/wp\/v2\/pages\/105\/revisions"}],"predecessor-version":[{"id":667,"href":"https:\/\/renowacjameblikrakow.pl\/index.php\/wp-json\/wp\/v2\/pages\/105\/revisions\/667"}],"wp:attachment":[{"href":"https:\/\/renowacjameblikrakow.pl\/index.php\/wp-json\/wp\/v2\/media?parent=105"}],"curies":[{"name":"wp","href":"https:\/\/api.w.org\/{rel}","templated":true}]}}