{"id":293,"date":"2021-05-11T21:27:54","date_gmt":"2021-05-11T19:27:54","guid":{"rendered":"http:\/\/renowacjameblikrakow.pl\/?page_id=293"},"modified":"2021-05-15T10:24:19","modified_gmt":"2021-05-15T08:24:19","slug":"snycerka","status":"publish","type":"page","link":"https:\/\/renowacjameblikrakow.pl\/index.php\/snycerka\/","title":{"rendered":"Snycerka"},"content":{"rendered":"<p>Wykonujemy prace snycerskie, zar\u00f3wno p\u0142askorze\u017aby jak i rze\u017aby przestrzenne. Projektujemy i kopiujemy rze\u017aby z&nbsp;r\u00f3\u017cnych epok historycznych na podstawie ilustracji, wzornik\u00f3w oraz rze\u017aby inspirowane przez zamawiaj\u0105cego.<br>Odtwarzamy brakuj\u0105ce elementy snycerki w meblach zabytkowych.<\/p>\n\n\n<figure class=\"wp-container-2 wp-block-gallery-1 wp-block-gallery columns-2 is-cropped\"><ul class=\"blocks-gallery-grid\"><li class=\"blocks-gallery-item\"><figure><img loading=\"lazy\" width=\"1024\" height=\"772\" src=\"https:\/\/renowacjameblikrakow.pl\/wp-content\/uploads\/2021\/05\/HPIM2451-1024x772.jpg\" alt=\"\" data-id=\"301\" data-link=\"https:\/\/renowacjameblikrakow.pl\/index.php\/snycerka\/hpim2451\/\" class=\"wp-image-301\" srcset=\"https:\/\/renowacjameblikrakow.pl\/wp-content\/uploads\/2021\/05\/HPIM2451-1024x772.jpg 1024w, https:\/\/renowacjameblikrakow.pl\/wp-content\/uploads\/2021\/05\/HPIM2451-300x226.jpg 300w, https:\/\/renowacjameblikrakow.pl\/wp-content\/uploads\/2021\/05\/HPIM2451-768x579.jpg 768w, https:\/\/renowacjameblikrakow.pl\/wp-content\/uploads\/2021\/05\/HPIM2451-1536x1157.jpg 1536w, https:\/\/renowacjameblikrakow.pl\/wp-content\/uploads\/2021\/05\/HPIM2451-2048x1543.jpg 2048w, https:\/\/renowacjameblikrakow.pl\/wp-content\/uploads\/2021\/05\/HPIM2451-119x90.jpg 119w\" sizes=\"(max-width: 1024px) 100vw, 1024px\" \/><\/figure><\/li><li class=\"blocks-gallery-item\"><figure><img loading=\"lazy\" width=\"579\" height=\"768\" src=\"https:\/\/renowacjameblikrakow.pl\/wp-content\/uploads\/2021\/05\/HPIM2450.jpg\" alt=\"\" data-id=\"518\" data-full-url=\"https:\/\/renowacjameblikrakow.pl\/wp-content\/uploads\/2021\/05\/HPIM2450.jpg\" data-link=\"https:\/\/renowacjameblikrakow.pl\/index.php\/snycerka\/hpim2450\/\" class=\"wp-image-518\" srcset=\"https:\/\/renowacjameblikrakow.pl\/wp-content\/uploads\/2021\/05\/HPIM2450.jpg 579w, https:\/\/renowacjameblikrakow.pl\/wp-content\/uploads\/2021\/05\/HPIM2450-226x300.jpg 226w, https:\/\/renowacjameblikrakow.pl\/wp-content\/uploads\/2021\/05\/HPIM2450-68x90.jpg 68w\" sizes=\"(max-width: 579px) 100vw, 579px\" \/><\/figure><\/li><\/ul><\/figure>\n\n\n\n<figure class=\"wp-container-4 wp-block-gallery-3 wp-block-gallery columns-2 is-cropped\"><ul class=\"blocks-gallery-grid\"><li class=\"blocks-gallery-item\"><figure><img loading=\"lazy\" width=\"1024\" height=\"768\" src=\"https:\/\/renowacjameblikrakow.pl\/wp-content\/uploads\/2021\/05\/IMG_6183-1024x768.jpg\" alt=\"\" data-id=\"520\" data-link=\"https:\/\/renowacjameblikrakow.pl\/index.php\/snycerka\/img_6183\/\" class=\"wp-image-520\" srcset=\"https:\/\/renowacjameblikrakow.pl\/wp-content\/uploads\/2021\/05\/IMG_6183-1024x768.jpg 1024w, https:\/\/renowacjameblikrakow.pl\/wp-content\/uploads\/2021\/05\/IMG_6183-300x225.jpg 300w, https:\/\/renowacjameblikrakow.pl\/wp-content\/uploads\/2021\/05\/IMG_6183-768x576.jpg 768w, https:\/\/renowacjameblikrakow.pl\/wp-content\/uploads\/2021\/05\/IMG_6183-1536x1152.jpg 1536w, https:\/\/renowacjameblikrakow.pl\/wp-content\/uploads\/2021\/05\/IMG_6183-2048x1536.jpg 2048w, https:\/\/renowacjameblikrakow.pl\/wp-content\/uploads\/2021\/05\/IMG_6183-120x90.jpg 120w\" sizes=\"(max-width: 1024px) 100vw, 1024px\" \/><\/figure><\/li><li class=\"blocks-gallery-item\"><figure><img loading=\"lazy\" width=\"1024\" height=\"772\" src=\"https:\/\/renowacjameblikrakow.pl\/wp-content\/uploads\/2021\/05\/HPIM2341-1024x772.jpg\" alt=\"\" data-id=\"521\" data-full-url=\"https:\/\/renowacjameblikrakow.pl\/wp-content\/uploads\/2021\/05\/HPIM2341.jpg\" data-link=\"https:\/\/renowacjameblikrakow.pl\/index.php\/snycerka\/hpim2341\/\" class=\"wp-image-521\" srcset=\"https:\/\/renowacjameblikrakow.pl\/wp-content\/uploads\/2021\/05\/HPIM2341-1024x772.jpg 1024w, https:\/\/renowacjameblikrakow.pl\/wp-content\/uploads\/2021\/05\/HPIM2341-300x226.jpg 300w, https:\/\/renowacjameblikrakow.pl\/wp-content\/uploads\/2021\/05\/HPIM2341-768x579.jpg 768w, https:\/\/renowacjameblikrakow.pl\/wp-content\/uploads\/2021\/05\/HPIM2341-1536x1157.jpg 1536w, https:\/\/renowacjameblikrakow.pl\/wp-content\/uploads\/2021\/05\/HPIM2341-2048x1543.jpg 2048w, https:\/\/renowacjameblikrakow.pl\/wp-content\/uploads\/2021\/05\/HPIM2341-119x90.jpg 119w\" sizes=\"(max-width: 1024px) 100vw, 1024px\" \/><\/figure><\/li><\/ul><\/figure>\n\n\n\n<figure class=\"wp-container-6 wp-block-gallery-5 wp-block-gallery columns-2 is-cropped\"><ul class=\"blocks-gallery-grid\"><li class=\"blocks-gallery-item\"><figure><img loading=\"lazy\" width=\"1024\" height=\"768\" src=\"https:\/\/renowacjameblikrakow.pl\/wp-content\/uploads\/2021\/05\/PC080012-1024x768.jpg\" alt=\"\" data-id=\"305\" data-full-url=\"https:\/\/renowacjameblikrakow.pl\/wp-content\/uploads\/2021\/05\/PC080012-scaled.jpg\" data-link=\"https:\/\/renowacjameblikrakow.pl\/index.php\/snycerka\/olympus-digital-camera-7\/\" class=\"wp-image-305\" srcset=\"https:\/\/renowacjameblikrakow.pl\/wp-content\/uploads\/2021\/05\/PC080012-1024x768.jpg 1024w, https:\/\/renowacjameblikrakow.pl\/wp-content\/uploads\/2021\/05\/PC080012-300x225.jpg 300w, https:\/\/renowacjameblikrakow.pl\/wp-content\/uploads\/2021\/05\/PC080012-768x576.jpg 768w, https:\/\/renowacjameblikrakow.pl\/wp-content\/uploads\/2021\/05\/PC080012-1536x1152.jpg 1536w, https:\/\/renowacjameblikrakow.pl\/wp-content\/uploads\/2021\/05\/PC080012-2048x1536.jpg 2048w, https:\/\/renowacjameblikrakow.pl\/wp-content\/uploads\/2021\/05\/PC080012-120x90.jpg 120w\" sizes=\"(max-width: 1024px) 100vw, 1024px\" \/><\/figure><\/li><li class=\"blocks-gallery-item\"><figure><img loading=\"lazy\" width=\"1024\" height=\"768\" src=\"https:\/\/renowacjameblikrakow.pl\/wp-content\/uploads\/2021\/05\/PC130054-1024x768.jpg\" alt=\"\" data-id=\"307\" data-full-url=\"https:\/\/renowacjameblikrakow.pl\/wp-content\/uploads\/2021\/05\/PC130054-scaled.jpg\" data-link=\"https:\/\/renowacjameblikrakow.pl\/index.php\/snycerka\/olympus-digital-camera-8\/\" class=\"wp-image-307\" srcset=\"https:\/\/renowacjameblikrakow.pl\/wp-content\/uploads\/2021\/05\/PC130054-1024x768.jpg 1024w, https:\/\/renowacjameblikrakow.pl\/wp-content\/uploads\/2021\/05\/PC130054-300x225.jpg 300w, https:\/\/renowacjameblikrakow.pl\/wp-content\/uploads\/2021\/05\/PC130054-768x576.jpg 768w, https:\/\/renowacjameblikrakow.pl\/wp-content\/uploads\/2021\/05\/PC130054-1536x1152.jpg 1536w, https:\/\/renowacjameblikrakow.pl\/wp-content\/uploads\/2021\/05\/PC130054-2048x1536.jpg 2048w, https:\/\/renowacjameblikrakow.pl\/wp-content\/uploads\/2021\/05\/PC130054-120x90.jpg 120w\" sizes=\"(max-width: 1024px) 100vw, 1024px\" \/><\/figure><\/li><\/ul><\/figure>\n","protected":false},"excerpt":{"rendered":"<p>Wykonujemy prace snycerskie, zar\u00f3wno p\u0142askorze\u017aby jak i rze\u017aby przestrzenne. Projektujemy i kopiujemy rze\u017aby z&nbsp;r\u00f3\u017cnych epok historycznych na podstawie ilustracji, wzornik\u00f3w oraz rze\u017aby inspirowane przez zamawiaj\u0105cego.Odtwarzamy brakuj\u0105ce elementy snycerki w meblach zabytkowych.<\/p>\n","protected":false},"author":1,"featured_media":0,"parent":0,"menu_order":0,"comment_status":"closed","ping_status":"closed","template":"","meta":[],"_links":{"self":[{"href":"https:\/\/renowacjameblikrakow.pl\/index.php\/wp-json\/wp\/v2\/pages\/293"}],"collection":[{"href":"https:\/\/renowacjameblikrakow.pl\/index.php\/wp-json\/wp\/v2\/pages"}],"about":[{"href":"https:\/\/renowacjameblikrakow.pl\/index.php\/wp-json\/wp\/v2\/types\/page"}],"author":[{"embeddable":true,"href":"https:\/\/renowacjameblikrakow.pl\/index.php\/wp-json\/wp\/v2\/users\/1"}],"replies":[{"embeddable":true,"href":"https:\/\/renowacjameblikrakow.pl\/index.php\/wp-json\/wp\/v2\/comments?post=293"}],"version-history":[{"count":8,"href":"https:\/\/renowacjameblikrakow.pl\/index.php\/wp-json\/wp\/v2\/pages\/293\/revisions"}],"predecessor-version":[{"id":523,"href":"https:\/\/renowacjameblikrakow.pl\/index.php\/wp-json\/wp\/v2\/pages\/293\/revisions\/523"}],"wp:attachment":[{"href":"https:\/\/renowacjameblikrakow.pl\/index.php\/wp-json\/wp\/v2\/media?parent=293"}],"curies":[{"name":"wp","href":"https:\/\/api.w.org\/{rel}","templated":true}]}}