{"id":374,"date":"2021-05-12T22:31:31","date_gmt":"2021-05-12T20:31:31","guid":{"rendered":"http:\/\/renowacjameblikrakow.pl\/?page_id=374"},"modified":"2021-05-14T22:13:45","modified_gmt":"2021-05-14T20:13:45","slug":"projekty","status":"publish","type":"page","link":"https:\/\/renowacjameblikrakow.pl\/index.php\/projekty\/","title":{"rendered":"Projekty"},"content":{"rendered":"<p>Proponujemy Pa\u0144stwu pe\u0142en zakres us\u0142ug zwi\u0105zanych z projektowaniem oraz aran\u017cacj\u0105 wn\u0119trz. Realizujemy projekty dostarczane przez Pa\u0144stwa, jak r\u00f3wnie\u017c przygotowujemy szczeg\u00f3\u0142owe projekty mebli lub ca\u0142o\u015bci wn\u0119trz. Posiadamy bardzo du\u017ce do\u015bwiadczenie w dziedzinie meblarstwa oraz aran\u017cacji wn\u0119trz. Wiele os\u00f3b oraz instytucji powierzy\u0142o nam swoje plany, kt\u00f3re zosta\u0142y skrupulatnie przez nas wykonane.<\/p>\n\n\n<figure class=\"wp-container-2 wp-block-gallery-1 wp-block-gallery columns-2 is-cropped\"><ul class=\"blocks-gallery-grid\"><li class=\"blocks-gallery-item\"><figure><img loading=\"lazy\" width=\"1024\" height=\"745\" src=\"https:\/\/renowacjameblikrakow.pl\/wp-content\/uploads\/2021\/05\/fotel-1024x745.jpg\" alt=\"\" data-id=\"470\" data-link=\"https:\/\/renowacjameblikrakow.pl\/index.php\/projekty\/fotel\/\" class=\"wp-image-470\" srcset=\"https:\/\/renowacjameblikrakow.pl\/wp-content\/uploads\/2021\/05\/fotel-1024x745.jpg 1024w, https:\/\/renowacjameblikrakow.pl\/wp-content\/uploads\/2021\/05\/fotel-300x218.jpg 300w, https:\/\/renowacjameblikrakow.pl\/wp-content\/uploads\/2021\/05\/fotel-768x558.jpg 768w, https:\/\/renowacjameblikrakow.pl\/wp-content\/uploads\/2021\/05\/fotel-1536x1117.jpg 1536w, https:\/\/renowacjameblikrakow.pl\/wp-content\/uploads\/2021\/05\/fotel-2048x1489.jpg 2048w, https:\/\/renowacjameblikrakow.pl\/wp-content\/uploads\/2021\/05\/fotel-124x90.jpg 124w\" sizes=\"(max-width: 1024px) 100vw, 1024px\" \/><\/figure><\/li><li class=\"blocks-gallery-item\"><figure><img loading=\"lazy\" width=\"1024\" height=\"768\" src=\"https:\/\/renowacjameblikrakow.pl\/wp-content\/uploads\/2021\/05\/p5180086-1024x768.jpg\" alt=\"\" data-id=\"471\" data-full-url=\"https:\/\/renowacjameblikrakow.pl\/wp-content\/uploads\/2021\/05\/p5180086-scaled.jpg\" data-link=\"https:\/\/renowacjameblikrakow.pl\/index.php\/projekty\/olympus-digital-camera-14\/\" class=\"wp-image-471\" srcset=\"https:\/\/renowacjameblikrakow.pl\/wp-content\/uploads\/2021\/05\/p5180086-1024x768.jpg 1024w, https:\/\/renowacjameblikrakow.pl\/wp-content\/uploads\/2021\/05\/p5180086-300x225.jpg 300w, https:\/\/renowacjameblikrakow.pl\/wp-content\/uploads\/2021\/05\/p5180086-768x576.jpg 768w, https:\/\/renowacjameblikrakow.pl\/wp-content\/uploads\/2021\/05\/p5180086-1536x1152.jpg 1536w, https:\/\/renowacjameblikrakow.pl\/wp-content\/uploads\/2021\/05\/p5180086-2048x1536.jpg 2048w, https:\/\/renowacjameblikrakow.pl\/wp-content\/uploads\/2021\/05\/p5180086-120x90.jpg 120w\" sizes=\"(max-width: 1024px) 100vw, 1024px\" \/><\/figure><\/li><\/ul><\/figure>\n\n\n\n<figure class=\"wp-container-4 wp-block-gallery-3 wp-block-gallery columns-2 is-cropped\"><ul class=\"blocks-gallery-grid\"><li class=\"blocks-gallery-item\"><figure><img loading=\"lazy\" width=\"1024\" height=\"745\" src=\"https:\/\/renowacjameblikrakow.pl\/wp-content\/uploads\/2021\/05\/fotel-006-1024x745.jpg\" alt=\"\" data-id=\"475\" data-link=\"https:\/\/renowacjameblikrakow.pl\/index.php\/projekty\/fotel-006\/\" class=\"wp-image-475\" srcset=\"https:\/\/renowacjameblikrakow.pl\/wp-content\/uploads\/2021\/05\/fotel-006-1024x745.jpg 1024w, https:\/\/renowacjameblikrakow.pl\/wp-content\/uploads\/2021\/05\/fotel-006-300x218.jpg 300w, https:\/\/renowacjameblikrakow.pl\/wp-content\/uploads\/2021\/05\/fotel-006-768x558.jpg 768w, https:\/\/renowacjameblikrakow.pl\/wp-content\/uploads\/2021\/05\/fotel-006-1536x1117.jpg 1536w, https:\/\/renowacjameblikrakow.pl\/wp-content\/uploads\/2021\/05\/fotel-006-2048x1489.jpg 2048w, https:\/\/renowacjameblikrakow.pl\/wp-content\/uploads\/2021\/05\/fotel-006-124x90.jpg 124w\" sizes=\"(max-width: 1024px) 100vw, 1024px\" \/><\/figure><\/li><li class=\"blocks-gallery-item\"><figure><img loading=\"lazy\" width=\"1024\" height=\"768\" src=\"https:\/\/renowacjameblikrakow.pl\/wp-content\/uploads\/2021\/05\/img_1655-1024x768.jpg\" alt=\"\" data-id=\"476\" data-link=\"https:\/\/renowacjameblikrakow.pl\/index.php\/projekty\/img_1655\/\" class=\"wp-image-476\" srcset=\"https:\/\/renowacjameblikrakow.pl\/wp-content\/uploads\/2021\/05\/img_1655-1024x768.jpg 1024w, https:\/\/renowacjameblikrakow.pl\/wp-content\/uploads\/2021\/05\/img_1655-300x225.jpg 300w, https:\/\/renowacjameblikrakow.pl\/wp-content\/uploads\/2021\/05\/img_1655-768x576.jpg 768w, https:\/\/renowacjameblikrakow.pl\/wp-content\/uploads\/2021\/05\/img_1655-1536x1152.jpg 1536w, https:\/\/renowacjameblikrakow.pl\/wp-content\/uploads\/2021\/05\/img_1655-2048x1536.jpg 2048w, https:\/\/renowacjameblikrakow.pl\/wp-content\/uploads\/2021\/05\/img_1655-120x90.jpg 120w\" sizes=\"(max-width: 1024px) 100vw, 1024px\" \/><\/figure><\/li><\/ul><\/figure>\n\n\n\n<figure class=\"wp-container-6 wp-block-gallery-5 wp-block-gallery columns-2 is-cropped\"><ul class=\"blocks-gallery-grid\"><li class=\"blocks-gallery-item\"><figure><img loading=\"lazy\" width=\"1024\" height=\"745\" src=\"https:\/\/renowacjameblikrakow.pl\/wp-content\/uploads\/2021\/05\/fotel-007-1-1024x745.jpg\" alt=\"\" data-id=\"479\" data-link=\"https:\/\/renowacjameblikrakow.pl\/index.php\/projekty\/fotel-007-1\/\" class=\"wp-image-479\" srcset=\"https:\/\/renowacjameblikrakow.pl\/wp-content\/uploads\/2021\/05\/fotel-007-1-1024x745.jpg 1024w, https:\/\/renowacjameblikrakow.pl\/wp-content\/uploads\/2021\/05\/fotel-007-1-300x218.jpg 300w, https:\/\/renowacjameblikrakow.pl\/wp-content\/uploads\/2021\/05\/fotel-007-1-768x558.jpg 768w, https:\/\/renowacjameblikrakow.pl\/wp-content\/uploads\/2021\/05\/fotel-007-1-1536x1117.jpg 1536w, https:\/\/renowacjameblikrakow.pl\/wp-content\/uploads\/2021\/05\/fotel-007-1-2048x1489.jpg 2048w, https:\/\/renowacjameblikrakow.pl\/wp-content\/uploads\/2021\/05\/fotel-007-1-124x90.jpg 124w\" sizes=\"(max-width: 1024px) 100vw, 1024px\" \/><\/figure><\/li><li class=\"blocks-gallery-item\"><figure><img loading=\"lazy\" width=\"768\" height=\"1024\" src=\"https:\/\/renowacjameblikrakow.pl\/wp-content\/uploads\/2021\/05\/img_1995-768x1024.jpg\" alt=\"\" data-id=\"480\" data-full-url=\"https:\/\/renowacjameblikrakow.pl\/wp-content\/uploads\/2021\/05\/img_1995.jpg\" data-link=\"https:\/\/renowacjameblikrakow.pl\/index.php\/projekty\/img_1995\/\" class=\"wp-image-480\" srcset=\"https:\/\/renowacjameblikrakow.pl\/wp-content\/uploads\/2021\/05\/img_1995-768x1024.jpg 768w, https:\/\/renowacjameblikrakow.pl\/wp-content\/uploads\/2021\/05\/img_1995-225x300.jpg 225w, https:\/\/renowacjameblikrakow.pl\/wp-content\/uploads\/2021\/05\/img_1995-1152x1536.jpg 1152w, https:\/\/renowacjameblikrakow.pl\/wp-content\/uploads\/2021\/05\/img_1995-1536x2048.jpg 1536w, https:\/\/renowacjameblikrakow.pl\/wp-content\/uploads\/2021\/05\/img_1995-68x90.jpg 68w, https:\/\/renowacjameblikrakow.pl\/wp-content\/uploads\/2021\/05\/img_1995.jpg 1704w\" sizes=\"(max-width: 768px) 100vw, 768px\" \/><\/figure><\/li><\/ul><\/figure>\n\n\n\n<figure class=\"wp-container-8 wp-block-gallery-7 wp-block-gallery columns-2 is-cropped\"><ul class=\"blocks-gallery-grid\"><li class=\"blocks-gallery-item\"><figure><img loading=\"lazy\" width=\"745\" height=\"1024\" src=\"https:\/\/renowacjameblikrakow.pl\/wp-content\/uploads\/2021\/05\/fotel-002-745x1024.jpg\" alt=\"\" data-id=\"482\" data-link=\"https:\/\/renowacjameblikrakow.pl\/index.php\/projekty\/fotel-002\/\" class=\"wp-image-482\" srcset=\"https:\/\/renowacjameblikrakow.pl\/wp-content\/uploads\/2021\/05\/fotel-002-745x1024.jpg 745w, https:\/\/renowacjameblikrakow.pl\/wp-content\/uploads\/2021\/05\/fotel-002-218x300.jpg 218w, https:\/\/renowacjameblikrakow.pl\/wp-content\/uploads\/2021\/05\/fotel-002-768x1056.jpg 768w, https:\/\/renowacjameblikrakow.pl\/wp-content\/uploads\/2021\/05\/fotel-002-1117x1536.jpg 1117w, https:\/\/renowacjameblikrakow.pl\/wp-content\/uploads\/2021\/05\/fotel-002-1489x2048.jpg 1489w, https:\/\/renowacjameblikrakow.pl\/wp-content\/uploads\/2021\/05\/fotel-002-65x90.jpg 65w, https:\/\/renowacjameblikrakow.pl\/wp-content\/uploads\/2021\/05\/fotel-002-230x316.jpg 230w, https:\/\/renowacjameblikrakow.pl\/wp-content\/uploads\/2021\/05\/fotel-002.jpg 1700w\" sizes=\"(max-width: 745px) 100vw, 745px\" \/><\/figure><\/li><li class=\"blocks-gallery-item\"><figure><img loading=\"lazy\" width=\"1024\" height=\"768\" src=\"https:\/\/renowacjameblikrakow.pl\/wp-content\/uploads\/2021\/05\/p2160086-1024x768.jpg\" alt=\"\" data-id=\"483\" data-full-url=\"https:\/\/renowacjameblikrakow.pl\/wp-content\/uploads\/2021\/05\/p2160086-scaled.jpg\" data-link=\"https:\/\/renowacjameblikrakow.pl\/index.php\/projekty\/olympus-digital-camera-15\/\" class=\"wp-image-483\" srcset=\"https:\/\/renowacjameblikrakow.pl\/wp-content\/uploads\/2021\/05\/p2160086-1024x768.jpg 1024w, https:\/\/renowacjameblikrakow.pl\/wp-content\/uploads\/2021\/05\/p2160086-300x225.jpg 300w, https:\/\/renowacjameblikrakow.pl\/wp-content\/uploads\/2021\/05\/p2160086-768x576.jpg 768w, https:\/\/renowacjameblikrakow.pl\/wp-content\/uploads\/2021\/05\/p2160086-1536x1152.jpg 1536w, https:\/\/renowacjameblikrakow.pl\/wp-content\/uploads\/2021\/05\/p2160086-2048x1536.jpg 2048w, https:\/\/renowacjameblikrakow.pl\/wp-content\/uploads\/2021\/05\/p2160086-120x90.jpg 120w\" sizes=\"(max-width: 1024px) 100vw, 1024px\" \/><\/figure><\/li><\/ul><\/figure>\n","protected":false},"excerpt":{"rendered":"<p>Proponujemy Pa\u0144stwu pe\u0142en zakres us\u0142ug zwi\u0105zanych z projektowaniem oraz aran\u017cacj\u0105 wn\u0119trz. Realizujemy projekty dostarczane przez Pa\u0144stwa, jak r\u00f3wnie\u017c przygotowujemy szczeg\u00f3\u0142owe projekty mebli lub ca\u0142o\u015bci wn\u0119trz. Posiadamy bardzo du\u017ce do\u015bwiadczenie w dziedzinie meblarstwa oraz aran\u017cacji wn\u0119trz. Wiele os\u00f3b oraz instytucji powierzy\u0142o nam swoje plany, kt\u00f3re zosta\u0142y skrupulatnie przez nas wykonane.<\/p>\n","protected":false},"author":1,"featured_media":0,"parent":0,"menu_order":0,"comment_status":"closed","ping_status":"closed","template":"","meta":[],"_links":{"self":[{"href":"https:\/\/renowacjameblikrakow.pl\/index.php\/wp-json\/wp\/v2\/pages\/374"}],"collection":[{"href":"https:\/\/renowacjameblikrakow.pl\/index.php\/wp-json\/wp\/v2\/pages"}],"about":[{"href":"https:\/\/renowacjameblikrakow.pl\/index.php\/wp-json\/wp\/v2\/types\/page"}],"author":[{"embeddable":true,"href":"https:\/\/renowacjameblikrakow.pl\/index.php\/wp-json\/wp\/v2\/users\/1"}],"replies":[{"embeddable":true,"href":"https:\/\/renowacjameblikrakow.pl\/index.php\/wp-json\/wp\/v2\/comments?post=374"}],"version-history":[{"count":7,"href":"https:\/\/renowacjameblikrakow.pl\/index.php\/wp-json\/wp\/v2\/pages\/374\/revisions"}],"predecessor-version":[{"id":484,"href":"https:\/\/renowacjameblikrakow.pl\/index.php\/wp-json\/wp\/v2\/pages\/374\/revisions\/484"}],"wp:attachment":[{"href":"https:\/\/renowacjameblikrakow.pl\/index.php\/wp-json\/wp\/v2\/media?parent=374"}],"curies":[{"name":"wp","href":"https:\/\/api.w.org\/{rel}","templated":true}]}}