{"id":389,"date":"2021-05-13T17:44:03","date_gmt":"2021-05-13T15:44:03","guid":{"rendered":"http:\/\/renowacjameblikrakow.pl\/?page_id=389"},"modified":"2024-05-19T12:12:28","modified_gmt":"2024-05-19T10:12:28","slug":"kontakt","status":"publish","type":"page","link":"https:\/\/renowacjameblikrakow.pl\/index.php\/kontakt\/","title":{"rendered":"Kontakt"},"content":{"rendered":"<div class=\"wp-block-image\">\n<figure class=\"aligncenter size-large is-resized\"><img loading=\"lazy\" src=\"https:\/\/renowacjameblikrakow.pl\/wp-content\/uploads\/2021\/05\/logo-okragle.png\" alt=\"\" class=\"wp-image-545\" width=\"390\" height=\"390\" srcset=\"https:\/\/renowacjameblikrakow.pl\/wp-content\/uploads\/2021\/05\/logo-okragle.png 800w, https:\/\/renowacjameblikrakow.pl\/wp-content\/uploads\/2021\/05\/logo-okragle-300x300.png 300w, https:\/\/renowacjameblikrakow.pl\/wp-content\/uploads\/2021\/05\/logo-okragle-150x150.png 150w, https:\/\/renowacjameblikrakow.pl\/wp-content\/uploads\/2021\/05\/logo-okragle-768x768.png 768w, https:\/\/renowacjameblikrakow.pl\/wp-content\/uploads\/2021\/05\/logo-okragle-90x90.png 90w\" sizes=\"(max-width: 390px) 100vw, 390px\" \/><\/figure><\/div>\n\n<h1 style=\"text-align: center;\"><span style=\"color: #ffffff;\">Telefon:<\/span> <a href=\"tel:604779617\">604-779-617<\/a><\/h1>\n<h1 style=\"text-align: center;\"><span style=\"color: #ffffff;\">Adres e-mail:<\/span> <a href=\"mailto:renowacja@onet.com.pl\">renowacja@onet.com.pl<\/a><\/h1>\n\n\n<figure class=\"wp-block-image size-large\"><img loading=\"lazy\" width=\"800\" height=\"5\" src=\"https:\/\/renowacjameblikrakow.pl\/wp-content\/uploads\/2021\/05\/hr.png\" alt=\"\" class=\"wp-image-557\" srcset=\"https:\/\/renowacjameblikrakow.pl\/wp-content\/uploads\/2021\/05\/hr.png 800w, https:\/\/renowacjameblikrakow.pl\/wp-content\/uploads\/2021\/05\/hr-300x2.png 300w, https:\/\/renowacjameblikrakow.pl\/wp-content\/uploads\/2021\/05\/hr-768x5.png 768w, https:\/\/renowacjameblikrakow.pl\/wp-content\/uploads\/2021\/05\/hr-268x2.png 268w\" sizes=\"(max-width: 800px) 100vw, 800px\" \/><\/figure>\n\n\n<p style=\"text-align: center;\"><div role=\"form\" class=\"wpcf7\" id=\"wpcf7-f38-o1\" lang=\"pl-PL\" dir=\"ltr\">\n<div class=\"screen-reader-response\"><p role=\"status\" aria-live=\"polite\" aria-atomic=\"true\"><\/p> <ul><\/ul><\/div>\n<form action=\"\/index.php\/wp-json\/wp\/v2\/pages\/389#wpcf7-f38-o1\" method=\"post\" class=\"wpcf7-form init\" novalidate=\"novalidate\" data-status=\"init\">\n<div style=\"display: none;\">\n<input type=\"hidden\" name=\"_wpcf7\" value=\"38\" \/>\n<input type=\"hidden\" name=\"_wpcf7_version\" value=\"5.6.3\" \/>\n<input type=\"hidden\" name=\"_wpcf7_locale\" value=\"pl_PL\" \/>\n<input type=\"hidden\" name=\"_wpcf7_unit_tag\" value=\"wpcf7-f38-o1\" \/>\n<input type=\"hidden\" name=\"_wpcf7_container_post\" value=\"0\" \/>\n<input type=\"hidden\" name=\"_wpcf7_posted_data_hash\" value=\"\" \/>\n<input type=\"hidden\" name=\"_wpcf7cf_hidden_group_fields\" value=\"[]\" \/>\n<input type=\"hidden\" name=\"_wpcf7cf_hidden_groups\" value=\"[]\" \/>\n<input type=\"hidden\" name=\"_wpcf7cf_visible_groups\" value=\"[]\" \/>\n<input type=\"hidden\" name=\"_wpcf7cf_repeaters\" value=\"[]\" \/>\n<input type=\"hidden\" name=\"_wpcf7cf_steps\" value=\"{}\" \/>\n<input type=\"hidden\" name=\"_wpcf7cf_options\" value=\"{&quot;form_id&quot;:38,&quot;conditions&quot;:[],&quot;settings&quot;:{&quot;animation&quot;:&quot;yes&quot;,&quot;animation_intime&quot;:200,&quot;animation_outtime&quot;:200,&quot;conditions_ui&quot;:&quot;normal&quot;,&quot;notice_dismissed&quot;:false}}\" \/>\n<\/div>\n<p>Zapraszamy do kontaktu!<\/p>\n<p><label> Imi\u0119 i nazwisko (wymagane)<br \/>\n    <span class=\"wpcf7-form-control-wrap\" data-name=\"your-name\"><input type=\"text\" name=\"your-name\" value=\"\" size=\"40\" class=\"wpcf7-form-control wpcf7-text wpcf7-validates-as-required\" aria-required=\"true\" aria-invalid=\"false\" \/><\/span> <\/label><\/p>\n<p><label> Adres email (wymagane)<br \/>\n    <span class=\"wpcf7-form-control-wrap\" data-name=\"your-email\"><input type=\"email\" name=\"your-email\" value=\"\" size=\"40\" class=\"wpcf7-form-control wpcf7-text wpcf7-email wpcf7-validates-as-required wpcf7-validates-as-email\" aria-required=\"true\" aria-invalid=\"false\" \/><\/span> <\/label><\/p>\n<p><label> Temat<br \/>\n    <span class=\"wpcf7-form-control-wrap\" data-name=\"your-subject\"><input type=\"text\" name=\"your-subject\" value=\"\" size=\"40\" class=\"wpcf7-form-control wpcf7-text\" aria-invalid=\"false\" \/><\/span> <\/label><\/p>\n<p><label> Tre\u015b\u0107 wiadomo\u015bci<br \/>\n    <span class=\"wpcf7-form-control-wrap\" data-name=\"your-message\"><textarea name=\"your-message\" cols=\"40\" rows=\"10\" class=\"wpcf7-form-control wpcf7-textarea\" aria-invalid=\"false\"><\/textarea><\/span> <\/label><\/p>\n<p><input type=\"submit\" value=\"Wy\u015blij\" class=\"wpcf7-form-control has-spinner wpcf7-submit\" \/><\/p>\n<div class=\"wpcf7-response-output\" aria-hidden=\"true\"><\/div><\/form><\/div><\/p>\n\n\n<figure class=\"wp-block-image size-large\"><img loading=\"lazy\" width=\"800\" height=\"5\" src=\"https:\/\/renowacjameblikrakow.pl\/wp-content\/uploads\/2021\/05\/hr.png\" alt=\"\" class=\"wp-image-557\" srcset=\"https:\/\/renowacjameblikrakow.pl\/wp-content\/uploads\/2021\/05\/hr.png 800w, https:\/\/renowacjameblikrakow.pl\/wp-content\/uploads\/2021\/05\/hr-300x2.png 300w, https:\/\/renowacjameblikrakow.pl\/wp-content\/uploads\/2021\/05\/hr-768x5.png 768w, https:\/\/renowacjameblikrakow.pl\/wp-content\/uploads\/2021\/05\/hr-268x2.png 268w\" sizes=\"(max-width: 800px) 100vw, 800px\" \/><\/figure>\n\n\n","protected":false},"excerpt":{"rendered":"<p>Telefon: 604-779-617 Adres e-mail: renowacja@onet.com.pl<\/p>\n","protected":false},"author":1,"featured_media":0,"parent":0,"menu_order":0,"comment_status":"closed","ping_status":"closed","template":"","meta":[],"_links":{"self":[{"href":"https:\/\/renowacjameblikrakow.pl\/index.php\/wp-json\/wp\/v2\/pages\/389"}],"collection":[{"href":"https:\/\/renowacjameblikrakow.pl\/index.php\/wp-json\/wp\/v2\/pages"}],"about":[{"href":"https:\/\/renowacjameblikrakow.pl\/index.php\/wp-json\/wp\/v2\/types\/page"}],"author":[{"embeddable":true,"href":"https:\/\/renowacjameblikrakow.pl\/index.php\/wp-json\/wp\/v2\/users\/1"}],"replies":[{"embeddable":true,"href":"https:\/\/renowacjameblikrakow.pl\/index.php\/wp-json\/wp\/v2\/comments?post=389"}],"version-history":[{"count":26,"href":"https:\/\/renowacjameblikrakow.pl\/index.php\/wp-json\/wp\/v2\/pages\/389\/revisions"}],"predecessor-version":[{"id":673,"href":"https:\/\/renowacjameblikrakow.pl\/index.php\/wp-json\/wp\/v2\/pages\/389\/revisions\/673"}],"wp:attachment":[{"href":"https:\/\/renowacjameblikrakow.pl\/index.php\/wp-json\/wp\/v2\/media?parent=389"}],"curies":[{"name":"wp","href":"https:\/\/api.w.org\/{rel}","templated":true}]}}